{"id":27,"date":"2025-06-17T00:38:56","date_gmt":"2025-06-17T00:38:56","guid":{"rendered":"https:\/\/liaeventplanners.com\/?page_id=27"},"modified":"2025-11-20T19:10:49","modified_gmt":"2025-11-20T19:10:49","slug":"contacto","status":"publish","type":"page","link":"https:\/\/liaeventplanners.com\/","title":{"rendered":"Contacto"},"content":{"rendered":"\t\t<div data-elementor-type=\"wp-page\" data-elementor-id=\"27\" class=\"elementor elementor-27\">\n\t\t\t\t<div class=\"elementor-element elementor-element-daeaff1 e-flex e-con-boxed e-con e-parent\" data-id=\"daeaff1\" data-element_type=\"container\">\n\t\t\t\t\t<div class=\"e-con-inner\">\n\t\t\t\t\t<\/div>\n\t\t\t\t<\/div>\n\t\t<div class=\"elementor-element elementor-element-59245cd e-grid e-con-boxed e-con e-parent\" data-id=\"59245cd\" data-element_type=\"container\" data-settings=\"{&quot;background_background&quot;:&quot;classic&quot;}\">\n\t\t\t\t\t<div class=\"e-con-inner\">\n\t\t\t\t<div class=\"elementor-element elementor-element-e396663 elementor-widget elementor-widget-image\" data-id=\"e396663\" data-element_type=\"widget\" data-widget_type=\"image.default\">\n\t\t\t\t<div class=\"elementor-widget-container\">\n\t\t\t\t\t\t\t\t\t\t\t\t\t\t\t<img fetchpriority=\"high\" decoding=\"async\" width=\"413\" height=\"324\" src=\"https:\/\/liaeventplanners.com\/wp-content\/uploads\/2025\/06\/Logo-fondo-transparente.png\" class=\"attachment-large size-large wp-image-32\" alt=\"\" srcset=\"https:\/\/liaeventplanners.com\/wp-content\/uploads\/2025\/06\/Logo-fondo-transparente.png 413w, https:\/\/liaeventplanners.com\/wp-content\/uploads\/2025\/06\/Logo-fondo-transparente-300x235.png 300w\" sizes=\"100vw\" \/>\t\t\t\t\t\t\t\t\t\t\t\t\t\t\t<\/div>\n\t\t\t\t<\/div>\n\t\t\t\t<div class=\"elementor-element elementor-element-73fe58fc elementor-widget elementor-widget-link-in-bio\" data-id=\"73fe58fc\" data-element_type=\"widget\" data-widget_type=\"link-in-bio.default\">\n\t\t\t\t<div class=\"elementor-widget-container\">\n\t\t\t\t\t\t\t<div class=\"e-link-in-bio e-link-in-bio\">\n\t\t\t<div class=\"e-link-in-bio__content\">\n\n\t\t\t\t\t\t<div class=\"e-link-in-bio__icons has-size-medium\">\n\t\t\t\t\t\t\t<div class=\"e-link-in-bio__icon is-size-medium\">\n\t\t\t\t\t<a href=\"https:\/\/www.facebook.com\/liaandco.eventos\/\" target=\"_blank\" rel=\"noopener \" aria-label=\"Facebook\" class=\"e-link-in-bio__icon-link\">\n\t\t\t\t\t\t<span class=\"e-link-in-bio__icon-svg\">\n\t\t\t\t\t\t\t<svg aria-hidden=\"true\" class=\"e-font-icon-svg e-fab-facebook\" viewBox=\"0 0 512 512\" xmlns=\"http:\/\/www.w3.org\/2000\/svg\"><path d=\"M504 256C504 119 393 8 256 8S8 119 8 256c0 123.78 90.69 226.38 209.25 245V327.69h-63V256h63v-54.64c0-62.15 37-96.48 93.67-96.48 27.14 0 55.52 4.84 55.52 4.84v61h-31.28c-30.8 0-40.41 19.12-40.41 38.73V256h68.78l-11 71.69h-57.78V501C413.31 482.38 504 379.78 504 256z\"><\/path><\/svg>\t\t\t\t\t\t<\/span>\n\t\t\t\t\t\t\t\t\t\t\t<\/a>\n\t\t\t\t<\/div>\n\t\t\t\t\t\t\t<div class=\"e-link-in-bio__icon is-size-medium\">\n\t\t\t\t\t<a href=\"https:\/\/www.instagram.com\/lia_and_co._\/?fbclid=IwY2xjawK-kY5leHRuA2FlbQIxMQBicmlkETFVbGJwb1R6VVdXOURJUG5tAR4GlgWbdrhS96PGnGgDozBkryp8tb4FMqC3b5azW_i5bUfwHCMOP-MMLd5xVg_aem_Ec7L2zPZkeTN_Bo65UdZOg\" target=\"_blank\" rel=\"noopener \" aria-label=\"Instagram\" class=\"e-link-in-bio__icon-link\">\n\t\t\t\t\t\t<span class=\"e-link-in-bio__icon-svg\">\n\t\t\t\t\t\t\t<svg aria-hidden=\"true\" class=\"e-font-icon-svg e-fab-instagram\" viewBox=\"0 0 448 512\" xmlns=\"http:\/\/www.w3.org\/2000\/svg\"><path d=\"M224.1 141c-63.6 0-114.9 51.3-114.9 114.9s51.3 114.9 114.9 114.9S339 319.5 339 255.9 287.7 141 224.1 141zm0 189.6c-41.1 0-74.7-33.5-74.7-74.7s33.5-74.7 74.7-74.7 74.7 33.5 74.7 74.7-33.6 74.7-74.7 74.7zm146.4-194.3c0 14.9-12 26.8-26.8 26.8-14.9 0-26.8-12-26.8-26.8s12-26.8 26.8-26.8 26.8 12 26.8 26.8zm76.1 27.2c-1.7-35.9-9.9-67.7-36.2-93.9-26.2-26.2-58-34.4-93.9-36.2-37-2.1-147.9-2.1-184.9 0-35.8 1.7-67.6 9.9-93.9 36.1s-34.4 58-36.2 93.9c-2.1 37-2.1 147.9 0 184.9 1.7 35.9 9.9 67.7 36.2 93.9s58 34.4 93.9 36.2c37 2.1 147.9 2.1 184.9 0 35.9-1.7 67.7-9.9 93.9-36.2 26.2-26.2 34.4-58 36.2-93.9 2.1-37 2.1-147.8 0-184.8zM398.8 388c-7.8 19.6-22.9 34.7-42.6 42.6-29.5 11.7-99.5 9-132.1 9s-102.7 2.6-132.1-9c-19.6-7.8-34.7-22.9-42.6-42.6-11.7-29.5-9-99.5-9-132.1s-2.6-102.7 9-132.1c7.8-19.6 22.9-34.7 42.6-42.6 29.5-11.7 99.5-9 132.1-9s102.7-2.6 132.1 9c19.6 7.8 34.7 22.9 42.6 42.6 11.7 29.5 9 99.5 9 132.1s2.7 102.7-9 132.1z\"><\/path><\/svg>\t\t\t\t\t\t<\/span>\n\t\t\t\t\t\t\t\t\t\t\t<\/a>\n\t\t\t\t<\/div>\n\t\t\t\t\t<\/div>\n\t\t\n\t\t<div class=\"e-link-in-bio__ctas has-type-button\">\n\t\t\t\t\t\t\t<a class=\"e-link-in-bio__cta is-type-button has-corners-rounded\" href=\"https:\/\/wa.me\/+524422314908\">\n\t\t\t\t\t\t\t\t\t\t<span class=\"e-link-in-bio__cta-text\">\n\t\t\t\t\t\tContacto\t\t\t\t\t<\/span>\n\t\t\t\t<\/a>\n\t\t\t\t\t\t\t<a class=\"e-link-in-bio__cta is-type-button has-corners-rounded\" href=\"https:\/\/liaeventplanners.com\/wp-content\/uploads\/2025\/06\/brochure-lia-co-3-1.pdf\" download=\"download\">\n\t\t\t\t\t\t\t\t\t\t<span class=\"e-link-in-bio__cta-text\">\n\t\t\t\t\t\tBrochure\t\t\t\t\t<\/span>\n\t\t\t\t<\/a>\n\t\t\t\t\t\t\t<a target=\"_blank\" rel=\"noopener \" class=\"e-link-in-bio__cta is-type-button has-corners-rounded\" href=\"\">\n\t\t\t\t\t\t\t\t\t\t<span class=\"e-link-in-bio__cta-text\">\n\t\t\t\t\t\tAcerca de Nosotros\t\t\t\t\t<\/span>\n\t\t\t\t<\/a>\n\t\t\t\t\t<\/div>\n\t\t\n\t\t\t<\/div>\n\t\t\t<div class=\"e-link-in-bio__bg\">\n\t\t\t\t<div class=\"e-link-in-bio__bg-overlay\"><\/div>\n\t\t\t<\/div>\n\t\t<\/div>\n\t\t\t\t\t\t<\/div>\n\t\t\t\t<\/div>\n\t\t\t\t\t<\/div>\n\t\t\t\t<\/div>\n\t\t<div class=\"elementor-element elementor-element-655b1dac e-con-full e-flex e-con e-parent\" data-id=\"655b1dac\" data-element_type=\"container\" data-settings=\"{&quot;background_background&quot;:&quot;classic&quot;}\">\n\t\t<div class=\"elementor-element elementor-element-f148b2a e-con-full e-flex e-con e-child\" data-id=\"f148b2a\" data-element_type=\"container\">\n\t\t\t\t<div class=\"elementor-element elementor-element-3843d15 elementor-widget elementor-widget-image\" data-id=\"3843d15\" data-element_type=\"widget\" data-widget_type=\"image.default\">\n\t\t\t\t<div class=\"elementor-widget-container\">\n\t\t\t\t\t\t\t\t\t\t\t\t\t\t\t<img decoding=\"async\" width=\"716\" height=\"653\" src=\"https:\/\/liaeventplanners.com\/wp-content\/uploads\/2025\/06\/Collage.png\" class=\"attachment-large size-large wp-image-31\" alt=\"\" srcset=\"https:\/\/liaeventplanners.com\/wp-content\/uploads\/2025\/06\/Collage.png 716w, https:\/\/liaeventplanners.com\/wp-content\/uploads\/2025\/06\/Collage-300x274.png 300w\" sizes=\"100vw\" \/>\t\t\t\t\t\t\t\t\t\t\t\t\t\t\t<\/div>\n\t\t\t\t<\/div>\n\t\t\t\t<\/div>\n\t\t<div class=\"elementor-element elementor-element-16e62cb6 e-con-full e-flex e-con e-child\" data-id=\"16e62cb6\" data-element_type=\"container\">\n\t\t\t\t<div class=\"elementor-element elementor-element-3e8750da elementor-widget elementor-widget-heading\" data-id=\"3e8750da\" data-element_type=\"widget\" data-widget_type=\"heading.default\">\n\t\t\t\t<div class=\"elementor-widget-container\">\n\t\t\t\t\t<h1 class=\"elementor-heading-title elementor-size-default\"><p class=\"cvGsUA direction-ltr align-justify para-style-body\" style=\"color: #334646;font-family: 'YAD1aU3sLnI 0', _fb_, auto;--cyv3zq: 17.3332px;--gjplxq: 1.01;line-height: 17px\"><span class=\"OYPEnA font-feature-liga-off font-feature-clig-off font-feature-calt-off text-decoration-none text-strikethrough-none\">SERVICIOS<\/span><\/p><\/h1>\t\t\t\t<\/div>\n\t\t\t\t<\/div>\n\t\t\t\t<div class=\"elementor-element elementor-element-6d96e8bd elementor-widget elementor-widget-text-editor\" data-id=\"6d96e8bd\" data-element_type=\"widget\" data-widget_type=\"text-editor.default\">\n\t\t\t\t<div class=\"elementor-widget-container\">\n\t\t\t\t\t\t\t\t\t&nbsp;\n<p class=\"cvGsUA direction-ltr align-justify para-style-body\" style=\"color: #334646; font-family: 'YAD1aU3sLnI 0', _fb_, auto; --cyv3zq: 17.3332px; --gjplxq: 1.01; line-height: 17px;\"><span class=\"OYPEnA font-feature-liga-off font-feature-clig-off font-feature-calt-off text-decoration-none text-strikethrough-none\">En L\u00eda &amp; Co. dise\u00f1amos y ejecutamos eventos personalizados de principio a fin,\n<\/span><span class=\"OYPEnA font-feature-liga-off font-feature-clig-off font-feature-calt-off text-decoration-none text-strikethrough-none\"> ya sea que busques una celebraci\u00f3n \u00edntima o una experiencia corporativa memorable. <\/span><\/p>\n<p class=\"cvGsUA direction-ltr align-justify para-style-body\" style=\"color: #334646; font-family: 'YAD1aU3sLnI 0', _fb_, auto; --cyv3zq: 17.3332px; --gjplxq: 1.01; line-height: 17px;\"><span class=\"OYPEnA font-feature-liga-off font-feature-clig-off font-feature-calt-off text-decoration-none text-strikethrough-none\">\u00a0 \u2022 Dise\u00f1o de evento.\u00a0 \u00a0 \u00a0 \u2022 Log\u00edstica de evento.<\/span><\/p>\n<p class=\"cvGsUA direction-ltr align-justify para-style-body\" style=\"color: #334646; font-family: 'YAD1aU3sLnI 0', _fb_, auto; --cyv3zq: 17.3332px; --gjplxq: 1.01; line-height: 17px;\"><span class=\"OYPEnA font-feature-liga-off font-feature-clig-off font-feature-calt-off text-decoration-none text-strikethrough-none\">\u00a0 \u2022 Coordinacion.\u00a0 \u00a0 \u00a0 \u00a0 \u00a0 \u00a0 \u2022 Proyectos llave en mano<\/span><\/p>\n<p class=\"cvGsUA direction-ltr align-justify para-style-body\" style=\"color: #334646; font-family: 'YAD1aU3sLnI 0', _fb_, auto; --cyv3zq: 17.3332px; --gjplxq: 1.01; line-height: 17px;\"><span class=\"OYPEnA font-feature-liga-off font-feature-clig-off font-feature-calt-off text-decoration-none text-strikethrough-none\">\u00a0 \u2022 Producci\u00f3n<\/span><\/p>\n<p class=\"cvGsUA direction-ltr align-justify para-style-body\" style=\"color: #334646; font-family: 'YAD1aU3sLnI 0', _fb_, auto; --cyv3zq: 17.3332px; --gjplxq: 1.01; line-height: 17px;\"><span class=\"OYPEnA font-feature-liga-off font-feature-clig-off font-feature-calt-off text-decoration-none text-strikethrough-none\">Nos encargamos de todo con un enfoque estrategico y emocional:<\/span><\/p>\n<p class=\"cvGsUA direction-ltr align-justify para-style-body\" style=\"color: #334646; font-family: 'YAD1aU3sLnI 0', _fb_, auto; --cyv3zq: 17.3332px; --gjplxq: 1.01; line-height: 17px;\"><span class=\"OYPEnA font-feature-liga-off font-feature-clig-off font-feature-calt-off text-decoration-none text-strikethrough-none\" style=\"font-kerning: none;\">Bodas<\/span><\/p>\n<p class=\"cvGsUA direction-ltr align-justify para-style-body\" style=\"color: #334646; font-family: 'YAD1aU3sLnI 0', _fb_, auto; --cyv3zq: 17.3332px; --gjplxq: 1.01; line-height: 17px;\"><span class=\"OYPEnA font-feature-liga-off font-feature-clig-off font-feature-calt-off text-decoration-none text-strikethrough-none\" style=\"font-kerning: none;\">XV a\u00f1os<\/span><\/p>\n<p class=\"cvGsUA direction-ltr align-justify para-style-body\" style=\"color: #334646; font-family: 'YAD1aU3sLnI 0', _fb_, auto; --cyv3zq: 17.3332px; --gjplxq: 1.01; line-height: 17px;\"><span class=\"OYPEnA font-feature-liga-off font-feature-clig-off font-feature-calt-off text-decoration-none text-strikethrough-none\" style=\"font-kerning: none;\">Bautizos<\/span><\/p>\n<p class=\"cvGsUA direction-ltr align-justify para-style-body\" style=\"color: #334646; font-family: 'YAD1aU3sLnI 0', _fb_, auto; --cyv3zq: 17.3332px; --gjplxq: 1.01; line-height: 17px;\"><span class=\"OYPEnA font-feature-liga-off font-feature-clig-off font-feature-calt-off text-decoration-none text-strikethrough-none\" style=\"font-kerning: none;\">Cumplea\u00f1os<\/span><\/p>\n<p class=\"cvGsUA direction-ltr align-justify para-style-body\" style=\"color: #334646; font-family: 'YAD1aU3sLnI 0', _fb_, auto; --cyv3zq: 17.3332px; --gjplxq: 1.01; line-height: 17px;\"><span class=\"OYPEnA font-feature-liga-off font-feature-clig-off font-feature-calt-off text-decoration-none text-strikethrough-none\" style=\"font-kerning: none;\">Baby<\/span> <span class=\"OYPEnA font-feature-liga-off font-feature-clig-off font-feature-calt-off text-decoration-none text-strikethrough-none\" style=\"font-kerning: none;\">Shower<\/span><\/p>\n<p class=\"cvGsUA direction-ltr align-justify para-style-body\" style=\"color: #334646; font-family: 'YAD1aU3sLnI 0', _fb_, auto; --cyv3zq: 17.3332px; --gjplxq: 1.01; line-height: 17px;\"><span class=\"OYPEnA font-feature-liga-off font-feature-clig-off font-feature-calt-off text-decoration-none text-strikethrough-none\" style=\"font-kerning: none;\">Gender Reveal<\/span><\/p>\n<p class=\"cvGsUA direction-ltr align-justify para-style-body\" style=\"color: #334646; font-family: 'YAD1aU3sLnI 0', _fb_, auto; --cyv3zq: 17.3332px; --gjplxq: 1.01; line-height: 17px;\"><span class=\"OYPEnA font-feature-liga-off font-feature-clig-off font-feature-calt-off text-decoration-none text-strikethrough-none\" style=\"font-kerning: none;\">Primera Comuni\u00f3n<\/span><\/p>\n<p class=\"cvGsUA direction-ltr align-justify para-style-body\" style=\"color: #334646; font-family: 'YAD1aU3sLnI 0', _fb_, auto; --cyv3zq: 17.3332px; --gjplxq: 1.01; line-height: 17px;\"><span class=\"OYPEnA font-feature-liga-off font-feature-clig-off font-feature-calt-off text-decoration-none text-strikethrough-none\" style=\"font-kerning: none;\">Evento Corporativo<\/span><\/p>\t\t\t\t\t\t\t\t<\/div>\n\t\t\t\t<\/div>\n\t\t\t\t<\/div>\n\t\t\t\t<\/div>\n\t\t\t\t<\/div>\n\t\t","protected":false},"excerpt":{"rendered":"<p>Contacto Brochure Acerca de Nosotros SERVICIOS &nbsp; En L\u00eda &amp; Co. dise\u00f1amos y ejecutamos eventos personalizados de principio a fin, ya sea que busques una celebraci\u00f3n \u00edntima o una experiencia corporativa memorable. \u00a0 \u2022 Dise\u00f1o de evento.\u00a0 \u00a0 \u00a0 \u2022 Log\u00edstica de evento. \u00a0 \u2022 Coordinacion.\u00a0 \u00a0 \u00a0 \u00a0 \u00a0 \u00a0 \u2022 Proyectos llave en &hellip; <\/p>\n<p class=\"link-more\"><a href=\"https:\/\/liaeventplanners.com\/\" class=\"more-link\">Leer m\u00e1s<span class=\"screen-reader-text\"> \u00abContacto\u00bb<\/span><\/a><\/p>\n","protected":false},"author":1,"featured_media":12,"parent":0,"menu_order":0,"comment_status":"closed","ping_status":"closed","template":"elementor_canvas","meta":{"footnotes":""},"class_list":["post-27","page","type-page","status-publish","has-post-thumbnail","hentry"],"_links":{"self":[{"href":"https:\/\/liaeventplanners.com\/index.php\/wp-json\/wp\/v2\/pages\/27","targetHints":{"allow":["GET"]}}],"collection":[{"href":"https:\/\/liaeventplanners.com\/index.php\/wp-json\/wp\/v2\/pages"}],"about":[{"href":"https:\/\/liaeventplanners.com\/index.php\/wp-json\/wp\/v2\/types\/page"}],"author":[{"embeddable":true,"href":"https:\/\/liaeventplanners.com\/index.php\/wp-json\/wp\/v2\/users\/1"}],"replies":[{"embeddable":true,"href":"https:\/\/liaeventplanners.com\/index.php\/wp-json\/wp\/v2\/comments?post=27"}],"version-history":[{"count":16,"href":"https:\/\/liaeventplanners.com\/index.php\/wp-json\/wp\/v2\/pages\/27\/revisions"}],"predecessor-version":[{"id":48,"href":"https:\/\/liaeventplanners.com\/index.php\/wp-json\/wp\/v2\/pages\/27\/revisions\/48"}],"wp:featuredmedia":[{"embeddable":true,"href":"https:\/\/liaeventplanners.com\/index.php\/wp-json\/wp\/v2\/media\/12"}],"wp:attachment":[{"href":"https:\/\/liaeventplanners.com\/index.php\/wp-json\/wp\/v2\/media?parent=27"}],"curies":[{"name":"wp","href":"https:\/\/api.w.org\/{rel}","templated":true}]}}